{"id":132,"date":"2017-01-12T12:32:46","date_gmt":"2017-01-12T12:32:46","guid":{"rendered":"http:\/\/gt3demo.com\/wp\/wizelaw\/?page_id=132"},"modified":"2022-08-11T14:30:31","modified_gmt":"2022-08-11T14:30:31","slug":"projectes","status":"publish","type":"page","link":"https:\/\/enginsolar.com\/es\/projectes\/","title":{"rendered":"Proyectos"},"content":{"rendered":"<div class=\"vc_custom_1522244816498\"><div class=\"container\"><div class=\"vc_row wpb_row vc_row-fluid\" ><div class=\"wpb_column vc_column_container vc_col-sm-12\"><div class=\"vc_column-inner\"><div class=\"wpb_wrapper\"><div class=\"vc_separator wpb_content_element vc_separator_align_right vc_sep_width_30 vc_sep_pos_align_left vc_separator-has-text\" ><span class=\"vc_sep_holder vc_sep_holder_l\"><span  style=\"border-color:#5dbafc;\" class=\"vc_sep_line\"><\/span><\/span><h4 style=\"color:#565b7a\">QU\u00c9 HACEMOS?<\/h4><span class=\"vc_sep_holder vc_sep_holder_r\"><span  style=\"border-color:#5dbafc;\" class=\"vc_sep_line\"><\/span><\/span>\r\n<\/div><div class=\"gt3_spacing\"><div class=\"gt3_spacing-height gt3_spacing-height_default\" style=\"height:6px;\"><\/div><\/div>  \r\n\n\t<div class=\"wpb_text_column wpb_content_element\" >\n\t\t<div class=\"wpb_wrapper\">\n\t\t\t<h2>Nuestros <strong>Proyectos<\/strong><\/h2>\n\n\t\t<\/div>\n\t<\/div>\n<div class=\"gt3_spacing\"><div class=\"gt3_spacing-height gt3_spacing-height_default\" style=\"height:26px;\"><\/div><\/div>  \r\n<div data-color=\"#ffffff\" class=\"gt3_custom_text\" style=\"color:#777b93;font-size: 16px; line-height: 190%; \">Durante los a\u00f1os de experiencia en el sector, hemos trabajado en distintas tipolog\u00edas de proyectos. Desde instalaciones en peque\u00f1os domicilios a proyectos a gran escala. Estos a\u00f1os nos han permitido mejorar en nuestra forma de trabajar haci\u00e9ndola m\u00e1s eficiente y r\u00e1pida.<\/p>\n<p>Aqu\u00ed podemos observar seis tipos de proyectos que llevamos a cabo en Enginsolar:<\/div>  \r\n<div class=\"gt3_spacing\"><div class=\"gt3_spacing-height gt3_spacing-height_default\" style=\"height:33px;\"><\/div><\/div>  \r\n<div class=\"vc_row wpb_row vc_inner vc_row-fluid\" ><div class=\"wpb_column vc_column_container vc_col-sm-4\"><div class=\"vc_column-inner\"><div class=\"wpb_wrapper\"><div class=\"gt3_services_box to-bottom\">\r\n\t\t<div class=\"gt3_services_img_bg services_box-front\"  style=\"background-color: #0f40c6; background-image: url(https:\/\/enginsolar.com\/wp-content\/uploads\/2022\/07\/3-1.jpg); \">\r\n\t\t\t<div class=\"index_number\" style=\"font-size: 72px; line-height: 65px; \">01<\/div><div class=\"gt3_services_box_title\"  style=\"font-size: 24px; line-height: 27px; \">Autoconsumo Residencial<\/div>\r\n\t\t<\/div>\r\n\t\t<div class=\"gt3_services_box_content services_box-back\"  style=\"min-height: 275px; background-color: #0f40c6; color: #000000; font-size: 16px; line-height: 30px; \"><div class=\"text_wrap\">Hemos instalado placas en numerosas viviendas en toda Catalu\u00f1a.<\/div><div class=\"fake_space\"><\/div><\/div>\r\n\t\t<a class=\"gt3_services_box_link\" href=\"https:\/\/enginsolar.com\/es\/projectes-autoconsum-2\/\" title=\"Members\" >View More<\/a>\r\n\t<\/div>  \r\n\r\n\r\n<div class=\"gt3_spacing\"><div class=\"gt3_spacing-height gt3_spacing-height_default\" style=\"height:32px;\"><\/div><\/div>  \r\n<\/div><\/div><\/div><div class=\"wpb_column vc_column_container vc_col-sm-4\"><div class=\"vc_column-inner\"><div class=\"wpb_wrapper\"><div class=\"gt3_services_box to-bottom\">\r\n\t\t<div class=\"gt3_services_img_bg services_box-front\"  style=\"background-color: #0f40c6; background-image: url(https:\/\/enginsolar.com\/wp-content\/uploads\/2022\/07\/solar-panels-roof-solar-cell.jpg); \">\r\n\t\t\t<div class=\"index_number\" style=\"font-size: 72px; line-height: 65px; \">02<\/div><div class=\"gt3_services_box_title\"  style=\"font-size: 26px; line-height: 29px; \">Autoconsumo Industrial<\/div>\r\n\t\t<\/div>\r\n\t\t<div class=\"gt3_services_box_content services_box-back\"  style=\"min-height: 275px; background-color: #0f40c6; color: #000000; font-size: 16px; line-height: 30px; \"><div class=\"text_wrap\">Enginsolar instalamos placas solare en vuestro negocio<\/div><div class=\"fake_space\"><\/div><\/div>\r\n\t\t<a class=\"gt3_services_box_link\" href=\"https:\/\/enginsolar.com\/es\/projectes-autoconsum-2\/\" title=\"Projectes d'Autoconsum\" >View More<\/a>\r\n\t<\/div>  \r\n\r\n\r\n<div class=\"gt3_spacing\"><div class=\"gt3_spacing-height gt3_spacing-height_default\" style=\"height:32px;\"><\/div><\/div>  \r\n<\/div><\/div><\/div><div class=\"wpb_column vc_column_container vc_col-sm-4\"><div class=\"vc_column-inner\"><div class=\"wpb_wrapper\"><div class=\"gt3_services_box to-bottom\">\r\n\t\t<div class=\"gt3_services_img_bg services_box-front\"  style=\"background-color: #0f40c6; background-image: url(https:\/\/enginsolar.com\/wp-content\/uploads\/2022\/07\/IMG_1434-scaled.jpg); \">\r\n\t\t\t<div class=\"index_number\" style=\"font-size: 72px; line-height: 65px; \">03<\/div><div class=\"gt3_services_box_title\"  style=\"font-size: 26px; line-height: 29px; \">Autoconsumo Ganadero<\/div>\r\n\t\t<\/div>\r\n\t\t<div class=\"gt3_services_box_content services_box-back\"  style=\"min-height: 275px; background-color: #0f40c6; color: #000000; font-size: 16px; line-height: 30px; \"><div class=\"text_wrap\">A Enginsolar trabajamos en zonas agr\u00edcolas<\/div><div class=\"fake_space\"><\/div><\/div>\r\n\t\t<a class=\"gt3_services_box_link\" href=\"https:\/\/enginsolar.com\/es\/projectes-autoconsum-2\/\" title=\"Projectes d'autoconsum\" >View More<\/a>\r\n\t<\/div>  \r\n\r\n\r\n<\/div><\/div><\/div><\/div><div class=\"vc_row wpb_row vc_inner vc_row-fluid\" ><div class=\"wpb_column vc_column_container vc_col-sm-4\"><div class=\"vc_column-inner\"><div class=\"wpb_wrapper\"><div class=\"gt3_services_box to-bottom\">\r\n\t\t<div class=\"gt3_services_img_bg services_box-front\"  style=\"background-color: #0f40c6; background-image: url(https:\/\/enginsolar.com\/wp-content\/uploads\/2022\/06\/mariana-proenca-GXiHwHkIdVs-unsplash.jpg); \">\r\n\t\t\t<div class=\"index_number\" style=\"font-size: 72px; line-height: 65px; \">04<\/div><div class=\"gt3_services_box_title\"  style=\"font-size: 26px; line-height: 29px; \">Parques Solares<\/div>\r\n\t\t<\/div>\r\n\t\t<div class=\"gt3_services_box_content services_box-back\"  style=\"min-height: 275px; background-color: #0f40c6; color: #000000; font-size: 16px; line-height: 30px; \"><div class=\"text_wrap\">Trabajamos en el mantenimiento de parques solares<\/div><div class=\"fake_space\"><\/div><\/div>\r\n\t\t<a class=\"gt3_services_box_link\" href=\"https:\/\/enginsolar.com\/es\/parcs-solars\/\" title=\"Parques Solares\" >View More<\/a>\r\n\t<\/div>  \r\n\r\n\r\n<div class=\"gt3_spacing\"><div class=\"gt3_spacing-height gt3_spacing-height_default\" style=\"height:32px;\"><\/div><\/div>  \r\n<\/div><\/div><\/div><div class=\"wpb_column vc_column_container vc_col-sm-4\"><div class=\"vc_column-inner\"><div class=\"wpb_wrapper\"><div class=\"gt3_services_box to-bottom\">\r\n\t\t<div class=\"gt3_services_img_bg services_box-front\"  style=\"background-color: #0f40c6; background-image: url(https:\/\/enginsolar.com\/wp-content\/uploads\/2022\/07\/man-worker-firld-by-solar-panels.jpg); \">\r\n\t\t\t<div class=\"index_number\" style=\"font-size: 72px; line-height: 65px; \">05<\/div><div class=\"gt3_services_box_title\"  style=\"font-size: 26px; line-height: 29px; \">Instalaciones aisladas<\/div>\r\n\t\t<\/div>\r\n\t\t<div class=\"gt3_services_box_content services_box-back\"  style=\"min-height: 275px; background-color: #0f40c6; color: #000000; font-size: 16px; line-height: 30px; \"><div class=\"text_wrap\">Las instalaciones aisladas son parte de nuestros intereses<\/div><div class=\"fake_space\"><\/div><\/div>\r\n\t\t<a class=\"gt3_services_box_link\" href=\"https:\/\/enginsolar.com\/es\/instalacions-aillades\/\" title=\"Instalaciones aisladas\" >View More<\/a>\r\n\t<\/div>  \r\n\r\n\r\n<div class=\"gt3_spacing\"><div class=\"gt3_spacing-height gt3_spacing-height_default\" style=\"height:32px;\"><\/div><\/div>  \r\n<\/div><\/div><\/div><div class=\"wpb_column vc_column_container vc_col-sm-4\"><div class=\"vc_column-inner\"><div class=\"wpb_wrapper\"><div class=\"gt3_services_box to-bottom\">\r\n\t\t<div class=\"gt3_services_img_bg services_box-front\"  style=\"background-color: #0f40c6; background-image: url(https:\/\/enginsolar.com\/wp-content\/uploads\/2022\/07\/pexels-los-muertos-crew-8853536-1.jpg); \">\r\n\t\t\t<div class=\"index_number\" style=\"font-size: 72px; line-height: 65px; \">06<\/div><div class=\"gt3_services_box_title\"  style=\"font-size: 26px; line-height: 29px; \">Soluciones a medida<\/div>\r\n\t\t<\/div>\r\n\t\t<div class=\"gt3_services_box_content services_box-back\"  style=\"min-height: 275px; background-color: #0f40c6; color: #000000; font-size: 16px; line-height: 30px; \"><div class=\"text_wrap\">Enginsolar trabajamos en proyectos a medida para su instalaci\u00f3n<\/div><div class=\"fake_space\"><\/div><\/div>\r\n\t\t<a class=\"gt3_services_box_link\" href=\"https:\/\/enginsolar.com\/es\/solucions-a-mida\/\" title=\"Soluciones a medida\" >View More<\/a>\r\n\t<\/div>  \r\n\r\n\r\n<\/div><\/div><\/div><\/div><div class=\"gt3_spacing\"><div class=\"gt3_spacing-height gt3_spacing-height_default\" style=\"height:42px;\"><\/div><\/div>  \r\n<\/div><\/div><\/div><\/div><\/div><\/div><div data-vc-full-width=\"true\" data-vc-full-width-init=\"false\" class=\"vc_custom_1523341797480\"><div class=\"container\"><div class=\"vc_row wpb_row vc_row-fluid vc_row-has-fill\" ><div class=\"wpb_column vc_column_container vc_col-sm-12\"><div class=\"vc_column-inner vc_custom_1523019693082\"><div class=\"wpb_wrapper\"><section class=\"vc_cta3-container\"><div class=\"vc_general vc_cta3 vc_cta3-style-custom vc_cta3-shape-square vc_cta3-align-left vc_cta3-icon-size-md vc_cta3-actions-right\" style=\"background-color:rgb(91,180,243);background-color:rgba(91,180,243,0.01);\"><div class=\"vc_cta3_content-container\"><div class=\"vc_cta3-content\"><header class=\"vc_cta3-content-header\"><h2 style=\"color: #ffffff;text-align: left;font-family:Montserrat;font-weight:400;font-style:normal\" class=\"vc_custom_heading\" >Quieres instalar placas solares? <span>Empieza ahora!<\/span><\/h2><\/header><\/div><div class=\"vc_cta3-actions\"><div class=\"vc_btn3-container vc_btn3-inline\" ><a onmouseleave=\"this.style.borderColor='#ffffff'; this.style.backgroundColor='transparent'; this.style.color='#ffffff'\" onmouseenter=\"this.style.borderColor='#ffffff'; this.style.backgroundColor='#ffffff'; this.style.color='#1e73be';\" style=\"border-color:#ffffff; color:#ffffff;\" class=\"vc_general vc_btn3 vc_btn3-size-sm vc_btn3-shape-rounded vc_btn3-style-outline-custom\" href=\"https:\/\/enginsolar.com\/es\/plaques\/\" title=\"Contacts\">cont\u00e1ctanos<\/a><\/div><\/div><\/div><\/div><\/section><div class=\"gt3_spacing\"><div class=\"gt3_spacing-height gt3_spacing-height_default\" style=\"height:32px;\"><\/div><\/div>  \r\n<\/div><\/div><\/div><\/div><\/div><\/div><div class=\"vc_row-full-width vc_clearfix\"><\/div>","protected":false},"excerpt":{"rendered":"QUE FEM Els Nostres Projectes Durant els anys d'experi\u00e8ncia en el sector, hem treballat en diferents tipologies de projectes. Des de instal\u00b7lacions en petits domicilis fins a projectes a gran escala. Aquests anys ens han perm\u00e9s millorar en la nostra forma de treballar fent-la m\u00e9s eficient i r\u00e0pida. Aqu\u00ed podem observar sis tipus\u00a0 de projectes [...]","protected":false},"author":1,"featured_media":0,"parent":0,"menu_order":0,"comment_status":"closed","ping_status":"closed","template":"","meta":[],"yoast_head":"<!-- This site is optimized with the Yoast SEO plugin v19.6 - https:\/\/yoast.com\/wordpress\/plugins\/seo\/ -->\n<title>Enginsolar Tecnologia Solar SL - Instal\u00b7laci\u00f3 de plaques<\/title>\n<meta name=\"description\" content=\"Enginsolar Tecnologia Solar Sl en Tarrega. Enginyeria especialitzada en instal\u00b7laci\u00f3 de plaques solars arreu de Catalunya. Projectes\" \/>\n<meta name=\"robots\" content=\"index, follow, max-snippet:-1, max-image-preview:large, max-video-preview:-1\" \/>\n<link rel=\"canonical\" href=\"https:\/\/enginsolar.com\/es\/projectes\/\" \/>\n<meta property=\"og:locale\" content=\"es_ES\" \/>\n<meta property=\"og:type\" content=\"article\" \/>\n<meta property=\"og:title\" content=\"Enginsolar Tecnologia Solar SL - Instal\u00b7laci\u00f3 de plaques\" \/>\n<meta property=\"og:description\" content=\"Enginsolar Tecnologia Solar Sl en Tarrega. Enginyeria especialitzada en instal\u00b7laci\u00f3 de plaques solars arreu de Catalunya. Projectes\" \/>\n<meta property=\"og:url\" content=\"https:\/\/enginsolar.com\/es\/projectes\/\" \/>\n<meta property=\"og:site_name\" content=\"Enginsolar Tecnologia Solar SL\" \/>\n<meta property=\"article:modified_time\" content=\"2022-08-11T14:30:31+00:00\" \/>\n<meta name=\"twitter:card\" content=\"summary_large_image\" \/>\n<meta name=\"twitter:label1\" content=\"Tiempo de lectura\" \/>\n\t<meta name=\"twitter:data1\" content=\"2 minutos\" \/>\n<script type=\"application\/ld+json\" class=\"yoast-schema-graph\">{\"@context\":\"https:\/\/schema.org\",\"@graph\":[{\"@type\":\"WebPage\",\"@id\":\"https:\/\/enginsolar.com\/projectes\/\",\"url\":\"https:\/\/enginsolar.com\/projectes\/\",\"name\":\"Enginsolar Tecnologia Solar SL - Instal\u00b7laci\u00f3 de plaques\",\"isPartOf\":{\"@id\":\"https:\/\/enginsolar.com\/#website\"},\"datePublished\":\"2017-01-12T12:32:46+00:00\",\"dateModified\":\"2022-08-11T14:30:31+00:00\",\"description\":\"Enginsolar Tecnologia Solar Sl en Tarrega. Enginyeria especialitzada en instal\u00b7laci\u00f3 de plaques solars arreu de Catalunya. Projectes\",\"breadcrumb\":{\"@id\":\"https:\/\/enginsolar.com\/projectes\/#breadcrumb\"},\"inLanguage\":\"es\",\"potentialAction\":[{\"@type\":\"ReadAction\",\"target\":[\"https:\/\/enginsolar.com\/projectes\/\"]}]},{\"@type\":\"BreadcrumbList\",\"@id\":\"https:\/\/enginsolar.com\/projectes\/#breadcrumb\",\"itemListElement\":[{\"@type\":\"ListItem\",\"position\":1,\"name\":\"Portada\",\"item\":\"https:\/\/enginsolar.com\/\"},{\"@type\":\"ListItem\",\"position\":2,\"name\":\"Projectes\"}]},{\"@type\":\"WebSite\",\"@id\":\"https:\/\/enginsolar.com\/#website\",\"url\":\"https:\/\/enginsolar.com\/\",\"name\":\"Enginsolar Tecnologia Solar SL\",\"description\":\"Enginsolar Tecnologia Solar Sl en Tarrega. Enginyeria especialitzada en instal\u00b7laci\u00f3 de plaques solars arreu de Catalunya\",\"publisher\":{\"@id\":\"https:\/\/enginsolar.com\/#organization\"},\"potentialAction\":[{\"@type\":\"SearchAction\",\"target\":{\"@type\":\"EntryPoint\",\"urlTemplate\":\"https:\/\/enginsolar.com\/?s={search_term_string}\"},\"query-input\":\"required name=search_term_string\"}],\"inLanguage\":\"es\"},{\"@type\":\"Organization\",\"@id\":\"https:\/\/enginsolar.com\/#organization\",\"name\":\"ENGINSOLAR TENCOLOGIA SOLAR,S.L.\",\"url\":\"https:\/\/enginsolar.com\/\",\"sameAs\":[],\"logo\":{\"@type\":\"ImageObject\",\"inLanguage\":\"es\",\"@id\":\"https:\/\/enginsolar.com\/#\/schema\/logo\/image\/\",\"url\":\"https:\/\/enginsolar.com\/wp-content\/uploads\/2022\/02\/LogoEnginsolarM1.png\",\"contentUrl\":\"https:\/\/enginsolar.com\/wp-content\/uploads\/2022\/02\/LogoEnginsolarM1.png\",\"width\":471,\"height\":80,\"caption\":\"ENGINSOLAR TENCOLOGIA SOLAR,S.L.\"},\"image\":{\"@id\":\"https:\/\/enginsolar.com\/#\/schema\/logo\/image\/\"}}]}<\/script>\n<!-- \/ Yoast SEO plugin. -->","yoast_head_json":{"title":"Enginsolar Tecnologia Solar SL - Instal\u00b7laci\u00f3 de plaques","description":"Enginsolar Tecnologia Solar Sl en Tarrega. Enginyeria especialitzada en instal\u00b7laci\u00f3 de plaques solars arreu de Catalunya. Projectes","robots":{"index":"index","follow":"follow","max-snippet":"max-snippet:-1","max-image-preview":"max-image-preview:large","max-video-preview":"max-video-preview:-1"},"canonical":"https:\/\/enginsolar.com\/es\/projectes\/","og_locale":"es_ES","og_type":"article","og_title":"Enginsolar Tecnologia Solar SL - Instal\u00b7laci\u00f3 de plaques","og_description":"Enginsolar Tecnologia Solar Sl en Tarrega. Enginyeria especialitzada en instal\u00b7laci\u00f3 de plaques solars arreu de Catalunya. Projectes","og_url":"https:\/\/enginsolar.com\/es\/projectes\/","og_site_name":"Enginsolar Tecnologia Solar SL","article_modified_time":"2022-08-11T14:30:31+00:00","twitter_card":"summary_large_image","twitter_misc":{"Tiempo de lectura":"2 minutos"},"schema":{"@context":"https:\/\/schema.org","@graph":[{"@type":"WebPage","@id":"https:\/\/enginsolar.com\/projectes\/","url":"https:\/\/enginsolar.com\/projectes\/","name":"Enginsolar Tecnologia Solar SL - Instal\u00b7laci\u00f3 de plaques","isPartOf":{"@id":"https:\/\/enginsolar.com\/#website"},"datePublished":"2017-01-12T12:32:46+00:00","dateModified":"2022-08-11T14:30:31+00:00","description":"Enginsolar Tecnologia Solar Sl en Tarrega. Enginyeria especialitzada en instal\u00b7laci\u00f3 de plaques solars arreu de Catalunya. Projectes","breadcrumb":{"@id":"https:\/\/enginsolar.com\/projectes\/#breadcrumb"},"inLanguage":"es","potentialAction":[{"@type":"ReadAction","target":["https:\/\/enginsolar.com\/projectes\/"]}]},{"@type":"BreadcrumbList","@id":"https:\/\/enginsolar.com\/projectes\/#breadcrumb","itemListElement":[{"@type":"ListItem","position":1,"name":"Portada","item":"https:\/\/enginsolar.com\/"},{"@type":"ListItem","position":2,"name":"Projectes"}]},{"@type":"WebSite","@id":"https:\/\/enginsolar.com\/#website","url":"https:\/\/enginsolar.com\/","name":"Enginsolar Tecnologia Solar SL","description":"Enginsolar Tecnologia Solar Sl en Tarrega. Enginyeria especialitzada en instal\u00b7laci\u00f3 de plaques solars arreu de Catalunya","publisher":{"@id":"https:\/\/enginsolar.com\/#organization"},"potentialAction":[{"@type":"SearchAction","target":{"@type":"EntryPoint","urlTemplate":"https:\/\/enginsolar.com\/?s={search_term_string}"},"query-input":"required name=search_term_string"}],"inLanguage":"es"},{"@type":"Organization","@id":"https:\/\/enginsolar.com\/#organization","name":"ENGINSOLAR TENCOLOGIA SOLAR,S.L.","url":"https:\/\/enginsolar.com\/","sameAs":[],"logo":{"@type":"ImageObject","inLanguage":"es","@id":"https:\/\/enginsolar.com\/#\/schema\/logo\/image\/","url":"https:\/\/enginsolar.com\/wp-content\/uploads\/2022\/02\/LogoEnginsolarM1.png","contentUrl":"https:\/\/enginsolar.com\/wp-content\/uploads\/2022\/02\/LogoEnginsolarM1.png","width":471,"height":80,"caption":"ENGINSOLAR TENCOLOGIA SOLAR,S.L."},"image":{"@id":"https:\/\/enginsolar.com\/#\/schema\/logo\/image\/"}}]}},"_links":{"self":[{"href":"https:\/\/enginsolar.com\/es\/wp-json\/wp\/v2\/pages\/132"}],"collection":[{"href":"https:\/\/enginsolar.com\/es\/wp-json\/wp\/v2\/pages"}],"about":[{"href":"https:\/\/enginsolar.com\/es\/wp-json\/wp\/v2\/types\/page"}],"author":[{"embeddable":true,"href":"https:\/\/enginsolar.com\/es\/wp-json\/wp\/v2\/users\/1"}],"replies":[{"embeddable":true,"href":"https:\/\/enginsolar.com\/es\/wp-json\/wp\/v2\/comments?post=132"}],"version-history":[{"count":27,"href":"https:\/\/enginsolar.com\/es\/wp-json\/wp\/v2\/pages\/132\/revisions"}],"predecessor-version":[{"id":3705,"href":"https:\/\/enginsolar.com\/es\/wp-json\/wp\/v2\/pages\/132\/revisions\/3705"}],"wp:attachment":[{"href":"https:\/\/enginsolar.com\/es\/wp-json\/wp\/v2\/media?parent=132"}],"curies":[{"name":"wp","href":"https:\/\/api.w.org\/{rel}","templated":true}]}}